{"id":1038,"date":"2024-02-10T13:43:18","date_gmt":"2024-02-10T13:43:18","guid":{"rendered":"https:\/\/startersites.io\/elementor\/smile-dent\/?page_id=1038"},"modified":"2025-02-11T18:41:50","modified_gmt":"2025-02-11T17:41:50","slug":"kontakt","status":"publish","type":"page","link":"https:\/\/fundacja.oslomed.pl\/ua\/kontakt\/","title":{"rendered":"\u041a\u043e\u043d\u0442\u0430\u043a\u0442\u0438"},"content":{"rendered":"<div data-elementor-type=\"wp-page\" data-elementor-id=\"1038\" class=\"elementor elementor-1038\">\n\t\t\t\t<div class=\"elementor-element elementor-element-5db5617 e-flex e-con-boxed e-con e-parent\" data-id=\"5db5617\" data-element_type=\"container\">\n\t\t\t\t\t<div class=\"e-con-inner\">\n\t\t<div class=\"elementor-element elementor-element-c1009d3 e-flex e-con-boxed e-con e-child\" data-id=\"c1009d3\" data-element_type=\"container\" data-settings=\"{&quot;background_background&quot;:&quot;classic&quot;}\">\n\t\t\t\t\t<div class=\"e-con-inner\">\n\t\t<div class=\"elementor-element elementor-element-2392d8b e-con-full e-flex e-con e-child\" data-id=\"2392d8b\" data-element_type=\"container\">\n\t\t\t\t<div class=\"elementor-element elementor-element-35e4b4f elementor-widget__width-initial elementor-widget elementor-widget-html\" data-id=\"35e4b4f\" data-element_type=\"widget\" data-widget_type=\"html.default\">\n\t\t\t\t<div class=\"elementor-widget-container\">\n\t\t\t\t\t<iframe src=\"https:\/\/www.google.com\/maps\/embed?pb=!1m18!1m12!1m3!1d81908.5196439872!2d19.783568097265615!3d50.0930035!2m3!1f0!2f0!3f0!3m2!1i1024!2i768!4f13.1!3m3!1m2!1s0x47165b209ddd289b%3A0xe4ce57153e97cc3f!2sCentrum%20Medyczne%20Oslomed!5e0!3m2!1sen!2spl!4v1701771313388!5m2!1sen!2spl\" width=\"600\" height=\"450\" style=\"border:0;\" allowfullscreen=\"\" loading=\"lazy\" referrerpolicy=\"no-referrer-when-downgrade\"><\/iframe>\t\t\t\t<\/div>\n\t\t\t\t<\/div>\n\t\t\t\t<\/div>\n\t\t\t\t\t<\/div>\n\t\t\t\t<\/div>\n\t\t\t\t\t<\/div>\n\t\t\t\t<\/div>\n\t\t<div class=\"elementor-element elementor-element-b96c4cb e-flex e-con-boxed e-con e-parent\" data-id=\"b96c4cb\" data-element_type=\"container\">\n\t\t\t\t\t<div class=\"e-con-inner\">\n\t\t<div class=\"elementor-element elementor-element-b91f2be e-con-full e-flex e-con e-child\" data-id=\"b91f2be\" data-element_type=\"container\" data-settings=\"{&quot;background_background&quot;:&quot;classic&quot;}\">\n\t\t\t\t<div class=\"elementor-element elementor-element-4ef0963 elementor-view-default elementor-position-top elementor-mobile-position-top elementor-widget elementor-widget-icon-box\" data-id=\"4ef0963\" data-element_type=\"widget\" data-widget_type=\"icon-box.default\">\n\t\t\t\t<div class=\"elementor-widget-container\">\n\t\t\t\t\t\t\t<div class=\"elementor-icon-box-wrapper\">\n\n\t\t\t\t\t\t<div class=\"elementor-icon-box-icon\">\n\t\t\t\t<a href=\"tel:+48530880679\" class=\"elementor-icon\" tabindex=\"-1\" aria-label=\"\u0414\u0437\u0432\u043e\u043d\u0438.\">\n\t\t\t\t<svg xmlns=\"http:\/\/www.w3.org\/2000\/svg\" viewbox=\"0 0 1024 1024\"><path d=\"m70.95 45.884 188.4-43.4c43.2-10 87.2 12.4 104.6 53.2l87 203c16 37.2 5.2 81.2-26.2 106.8l-80 65.4c57.2 104.8 143.6 191.2 248.4 248.2l65.4-80c25.6-31.4 69.6-42.2 106.8-26.2l203.2 87c40.8 17.4 63 61.4 53.2 104.6l-43.4 188.4c-9.6 41.8-46.4 71-89.2 71-489.8.2-889.2-396.4-889.2-888.8 0-42.8 29.2-79.6 71-89.2zm814.4 882.2 41.8-181.4-196.4-84.2-111.4 136.2c-197.6-92.8-301.2-196-394-394l136.2-111.4-84.2-196.4-181.4 41.8c2 435.2 354.2 787.4 789.4 789.4z\"><\/path><\/svg>\t\t\t\t<\/a>\n\t\t\t<\/div>\n\t\t\t\n\t\t\t\t\t\t<div class=\"elementor-icon-box-content\">\n\n\t\t\t\t\t\t\t\t\t<h3 class=\"elementor-icon-box-title\">\n\t\t\t\t\t\t<a href=\"tel:+48530880679\" >\n\t\t\t\t\t\t\t\u0414\u0437\u0432\u043e\u043d\u0438.\t\t\t\t\t\t<\/a>\n\t\t\t\t\t<\/h3>\n\t\t\t\t\n\t\t\t\t\t\t\t\t\t<p class=\"elementor-icon-box-description\">\n\t\t\t\t\t\t<a href=\"tel:+48530880679\">+48 530 880 679<\/a>\t\t\t\t\t<\/p>\n\t\t\t\t\n\t\t\t<\/div>\n\t\t\t\n\t\t<\/div>\n\t\t\t\t\t\t<\/div>\n\t\t\t\t<\/div>\n\t\t\t\t<div class=\"elementor-element elementor-element-b1c6bb9 elementor-view-default elementor-position-top elementor-mobile-position-top elementor-widget elementor-widget-icon-box\" data-id=\"b1c6bb9\" data-element_type=\"widget\" data-widget_type=\"icon-box.default\">\n\t\t\t\t<div class=\"elementor-widget-container\">\n\t\t\t\t\t\t\t<div class=\"elementor-icon-box-wrapper\">\n\n\t\t\t\t\t\t<div class=\"elementor-icon-box-icon\">\n\t\t\t\t<a href=\"mailto:fundacja@oslomed.pl\" class=\"elementor-icon\" tabindex=\"-1\" aria-label=\"\u041d\u0430\u043f\u0438\u0441\u0430\u0442\u0438 \u043f\u043e\u0432\u0456\u0434\u043e\u043c\u043b\u0435\u043d\u043d\u044f\">\n\t\t\t\t<svg xmlns=\"http:\/\/www.w3.org\/2000\/svg\" viewbox=\"0 0 1024 1024\"><path d=\"M928 128H96c-53 0-96 43-96 96v576c0 53 43 96 96 96h832c53 0 96-43 96-96V224c0-53-43-96-96-96zM96 192h832c17.6 0 32 14.4 32 32v82.8c-43.8 37-106.4 88-301.2 242.6C625 576.2 558.4 640.8 512 640c-46.4.8-113.2-63.8-146.8-90.6C170.4 394.8 107.8 343.8 64 306.8V224c0-17.6 14.4-32 32-32zm832 640H96c-17.6 0-32-14.4-32-32V390c45.6 37.4 117.6 95.2 261.4 209.4 41 32.8 113.4 105 186.6 104.6 72.8.6 144.6-71 186.6-104.6C842.4 485.2 914.4 427.4 960 390v410c0 17.6-14.4 32-32 32z\"><\/path><\/svg>\t\t\t\t<\/a>\n\t\t\t<\/div>\n\t\t\t\n\t\t\t\t\t\t<div class=\"elementor-icon-box-content\">\n\n\t\t\t\t\t\t\t\t\t<h3 class=\"elementor-icon-box-title\">\n\t\t\t\t\t\t<a href=\"mailto:fundacja@oslomed.pl\" >\n\t\t\t\t\t\t\t\u041d\u0430\u043f\u0438\u0441\u0430\u0442\u0438 \u043f\u043e\u0432\u0456\u0434\u043e\u043c\u043b\u0435\u043d\u043d\u044f\t\t\t\t\t\t<\/a>\n\t\t\t\t\t<\/h3>\n\t\t\t\t\n\t\t\t\t\t\t\t\t\t<p class=\"elementor-icon-box-description\">\n\t\t\t\t\t\t<a href=\"mailto:fundacja@oslomed.pl\">fundacja@oslomed.pl<\/a>\t\t\t\t\t<\/p>\n\t\t\t\t\n\t\t\t<\/div>\n\t\t\t\n\t\t<\/div>\n\t\t\t\t\t\t<\/div>\n\t\t\t\t<\/div>\n\t\t\t\t<div class=\"elementor-element elementor-element-8398ff2 elementor-view-default elementor-position-top elementor-mobile-position-top elementor-widget elementor-widget-icon-box\" data-id=\"8398ff2\" data-element_type=\"widget\" data-widget_type=\"icon-box.default\">\n\t\t\t\t<div class=\"elementor-widget-container\">\n\t\t\t\t\t\t\t<div class=\"elementor-icon-box-wrapper\">\n\n\t\t\t\t\t\t<div class=\"elementor-icon-box-icon\">\n\t\t\t\t<span  class=\"elementor-icon\">\n\t\t\t\t<svg xmlns=\"http:\/\/www.w3.org\/2000\/svg\" viewbox=\"0 0 768 1024\"><path d=\"M384 192c-105.87 0-192 86.13-192 192s86.13 192 192 192 192-86.13 192-192-86.13-192-192-192zm0 320c-70.58 0-128-57.42-128-128s57.42-128 128-128 128 57.42 128 128-57.42 128-128 128zm0-512C171.922 0 0 171.922 0 384c0 154.826 53.94 198.062 344.536 619.34 19.068 27.544 59.858 27.548 78.93 0C714.06 582.062 768 538.826 768 384 768 171.922 596.078 0 384 0zm0 947.862C105.41 544.976 64 512.988 64 384c0-85.476 33.286-165.834 93.726-226.274S298.524 64 384 64s165.834 33.286 226.274 93.726S704 298.524 704 384c0 128.98-41.384 160.94-320 563.862z\"><\/path><\/svg>\t\t\t\t<\/span>\n\t\t\t<\/div>\n\t\t\t\n\t\t\t\t\t\t<div class=\"elementor-icon-box-content\">\n\n\t\t\t\t\t\t\t\t\t<h3 class=\"elementor-icon-box-title\">\n\t\t\t\t\t\t<span  >\n\t\t\t\t\t\t\tSiedziba fundacji\t\t\t\t\t\t<\/span>\n\t\t\t\t\t<\/h3>\n\t\t\t\t\n\t\t\t\t\t\t\t\t\t<p class=\"elementor-icon-box-description\">\n\t\t\t\t\t\tul. Miodowa 14\/5, 31-055 Krak\u00f3w\t\t\t\t\t<\/p>\n\t\t\t\t\n\t\t\t<\/div>\n\t\t\t\n\t\t<\/div>\n\t\t\t\t\t\t<\/div>\n\t\t\t\t<\/div>\n\t\t\t\t<\/div>\n\t\t<div class=\"elementor-element elementor-element-27b8dce e-con-full e-flex e-con e-child\" data-id=\"27b8dce\" data-element_type=\"container\">\n\t\t\t\t<div class=\"elementor-element elementor-element-e55f295 elementor-widget elementor-widget-heading\" data-id=\"e55f295\" data-element_type=\"widget\" data-widget_type=\"heading.default\">\n\t\t\t\t<div class=\"elementor-widget-container\">\n\t\t\t\t\t<h2 class=\"elementor-heading-title elementor-size-default\">\u0417\u0432'\u044f\u0436\u0456\u0442\u044c\u0441\u044f \u0437 \u043d\u0430\u043c\u0438<\/h2>\t\t\t\t<\/div>\n\t\t\t\t<\/div>\n\t\t\t\t<div class=\"elementor-element elementor-element-3d8e80c elementor-widget elementor-widget-text-editor\" data-id=\"3d8e80c\" data-element_type=\"widget\" data-widget_type=\"text-editor.default\">\n\t\t\t\t<div class=\"elementor-widget-container\">\n\t\t\t\t\t\t\t\t\t<p>Masz pytania? Chcesz dowiedzie\u0107 si\u0119 wi\u0119cej o naszych dzia\u0142aniach? Skontaktuj si\u0119 z nami!<\/p>\t\t\t\t\t\t\t\t<\/div>\n\t\t\t\t<\/div>\n\t\t\t\t<div class=\"elementor-element elementor-element-4afc905 elementor-widget elementor-widget-heading\" data-id=\"4afc905\" data-element_type=\"widget\" data-widget_type=\"heading.default\">\n\t\t\t\t<div class=\"elementor-widget-container\">\n\t\t\t\t\t<h2 class=\"elementor-heading-title elementor-size-default\">Odwied\u017a stron\u0119 CM Oslomed<\/h2>\t\t\t\t<\/div>\n\t\t\t\t<\/div>\n\t\t\t\t<div class=\"elementor-element elementor-element-1f0ac88 elementor-align-justify elementor-widget elementor-widget-button\" data-id=\"1f0ac88\" data-element_type=\"widget\" data-widget_type=\"button.default\">\n\t\t\t\t<div class=\"elementor-widget-container\">\n\t\t\t\t\t\t\t\t\t<div class=\"elementor-button-wrapper\">\n\t\t\t\t\t<a class=\"elementor-button elementor-button-link elementor-size-sm\" href=\"https:\/\/oslomed.pl\">\n\t\t\t\t\t\t<span class=\"elementor-button-content-wrapper\">\n\t\t\t\t\t\t\t\t\t<span class=\"elementor-button-text\">Kliknij tutaj<\/span>\n\t\t\t\t\t<\/span>\n\t\t\t\t\t<\/a>\n\t\t\t\t<\/div>\n\t\t\t\t\t\t\t\t<\/div>\n\t\t\t\t<\/div>\n\t\t\t\t<\/div>\n\t\t\t\t\t<\/div>\n\t\t\t\t<\/div>\n\t\t<div class=\"elementor-element elementor-element-f2b7eac e-flex e-con-boxed e-con e-parent\" data-id=\"f2b7eac\" data-element_type=\"container\" data-settings=\"{&quot;background_background&quot;:&quot;gradient&quot;}\">\n\t\t\t\t\t<div class=\"e-con-inner\">\n\t\t<div class=\"elementor-element elementor-element-215e581 e-flex e-con-boxed e-con e-child\" data-id=\"215e581\" data-element_type=\"container\" data-settings=\"{&quot;background_background&quot;:&quot;classic&quot;}\">\n\t\t\t\t\t<div class=\"e-con-inner\">\n\t\t<div class=\"elementor-element elementor-element-8ab219a e-con-full e-flex e-con e-child\" data-id=\"8ab219a\" data-element_type=\"container\">\n\t\t\t\t<div class=\"elementor-element elementor-element-7f12e40 elementor-widget elementor-widget-heading\" data-id=\"7f12e40\" data-element_type=\"widget\" data-widget_type=\"heading.default\">\n\t\t\t\t<div class=\"elementor-widget-container\">\n\t\t\t\t\t<h3 class=\"elementor-heading-title elementor-size-default\">Zapisz si\u0119 do newslettera<\/h3>\t\t\t\t<\/div>\n\t\t\t\t<\/div>\n\t\t\t\t<div class=\"elementor-element elementor-element-0d84640 elementor-widget elementor-widget-text-editor\" data-id=\"0d84640\" data-element_type=\"widget\" data-widget_type=\"text-editor.default\">\n\t\t\t\t<div class=\"elementor-widget-container\">\n\t\t\t\t\t\t\t\t\t<p>Zapisz si\u0119 na nasz newsletter, aby otrzymywa\u0107 najnowsze informacje o zdrowiu, wskaz\u00f3wki dotycz\u0105ce profilaktyki oraz aktualno\u015bci na temat naszych dzia\u0142a\u0144. B\u0105d\u017a na bie\u017c\u0105co i dbaj o swoje zdrowie z Fundacj\u0105 Oslomed! <strong>Zapisz si\u0119 teraz i b\u0105d\u017a cz\u0119\u015bci\u0105 naszej <a href=\"https:\/\/fundacja.oslomed.pl\/ua\/nowosci\/\">spo\u0142eczno\u015bci<\/a>!<\/strong><\/p>\t\t\t\t\t\t\t\t<\/div>\n\t\t\t\t<\/div>\n\t\t\t\t<\/div>\n\t\t<div class=\"elementor-element elementor-element-578f3d1 e-con-full e-flex e-con e-child\" data-id=\"578f3d1\" data-element_type=\"container\" data-settings=\"{&quot;background_background&quot;:&quot;classic&quot;}\">\n\t\t\t\t<div class=\"elementor-element elementor-element-d048497 elementor-widget__width-inherit elementor-widget elementor-widget-shortcode\" data-id=\"d048497\" data-element_type=\"widget\" data-widget_type=\"shortcode.default\">\n\t\t\t\t<div class=\"elementor-widget-container\">\n\t\t\t\t\t\t\t<div class=\"elementor-shortcode\">\n\t<div class=\"ct-newsletter-subscribe-shortcode\">\n\t\t\n\t\t\n\t\t<form target=\"_blank\" action=\"#\" method=\"post\"\n\t\t\tdata-provider=\"demo:demolist\"\n\t\t\tclass=\"ct-newsletter-subscribe-form\" data-trp-original-action=\"#\"\n\t\t\t>\n\n\t\t\t<div\n\t\t\t\tclass=\"ct-newsletter-subscribe-form-elements\" data-columns=\"2\">\n\t\t\t\t\n\t\t\t\t<input type=\"email\" name=\"EMAIL\" placeholder=\"\u0412\u0430\u0448 \u0435\u043c\u0435\u0439\u043b *\" aria-label=\"Email-\u0430\u0434\u0440\u0435\u0441\u0430\" required>\n\n\t\t\t\t<button class=\"wp-element-button\">\n\t\t\t\t\t\u041f\u0456\u0434\u043f\u0438\u0441\u0430\u0442\u0438\u0441\u044f\t\t\t\t<\/button>\n\t\t\t<\/div>\n\n\t\t\t\n\t\t\t<div class=\"ct-newsletter-subscribe-message\"><\/div>\n\t\t<input type=\"hidden\" name=\"trp-form-language\" value=\"ua\"\/><\/form>\n\n\t<\/div>\n\n\t<\/div>\n\t\t\t\t\t\t<\/div>\n\t\t\t\t<\/div>\n\t\t\t\t<\/div>\n\t\t\t\t\t<\/div>\n\t\t\t\t<\/div>\n\t\t\t\t\t<\/div>\n\t\t\t\t<\/div>\n\t\t\t\t<\/div>","protected":false},"excerpt":{"rendered":"<p>Zadzwo\u0144 +48 530 880 679 Napisz wiadomo\u015b\u0107 fundacja@oslomed.pl Siedziba fundacji ul. Miodowa 14\/5, 31-055 Krak\u00f3w Skontaktuj si\u0119 z nami Masz pytania? Chcesz dowiedzie\u0107 si\u0119 wi\u0119cej o naszych dzia\u0142aniach? Skontaktuj si\u0119 z nami! Odwied\u017a stron\u0119 CM Oslomed Kliknij tutaj Zapisz si\u0119 do newslettera Zapisz si\u0119 na nasz newsletter, aby otrzymywa\u0107 najnowsze informacje o zdrowiu, wskaz\u00f3wki dotycz\u0105ce [&hellip;]<\/p>","protected":false},"author":1,"featured_media":0,"parent":0,"menu_order":0,"comment_status":"closed","ping_status":"closed","template":"","meta":{"_monsterinsights_skip_tracking":false,"_monsterinsights_sitenote_active":false,"_monsterinsights_sitenote_note":"","_monsterinsights_sitenote_category":0,"footnotes":""},"class_list":["post-1038","page","type-page","status-publish","hentry"],"blocksy_meta":{"has_hero_section":"disabled","vertical_spacing_source":"custom","content_area_spacing":"none","styles_descriptor":{"styles":{"desktop":"","tablet":"","mobile":""},"google_fonts":[],"version":6}},"yoast_head":"<!-- This site is optimized with the Yoast SEO plugin v25.6 - https:\/\/yoast.com\/wordpress\/plugins\/seo\/ -->\n<title>Kontakt - Fundacja Oslomed | Skontaktuj si\u0119 z nami<\/title>\n<meta name=\"description\" content=\"Skontaktuj si\u0119 z Fundacj\u0105 Oslomed Krak\u00f3w. Znajdziesz tu formularz kontaktowy i dane do bezpo\u015bredniego kontaktu.\" \/>\n<meta name=\"robots\" content=\"index, follow, max-snippet:-1, max-image-preview:large, max-video-preview:-1\" \/>\n<link rel=\"canonical\" href=\"https:\/\/fundacja.oslomed.pl\/ua\/kontakt\/\" \/>\n<meta property=\"og:locale\" content=\"uk_UA\" \/>\n<meta property=\"og:type\" content=\"article\" \/>\n<meta property=\"og:title\" content=\"Kontakt - Fundacja Oslomed | Skontaktuj si\u0119 z nami\" \/>\n<meta property=\"og:description\" content=\"Skontaktuj si\u0119 z Fundacj\u0105 Oslomed Krak\u00f3w. Znajdziesz tu formularz kontaktowy i dane do bezpo\u015bredniego kontaktu.\" \/>\n<meta property=\"og:url\" content=\"https:\/\/fundacja.oslomed.pl\/ua\/kontakt\/\" \/>\n<meta property=\"og:site_name\" content=\"Fundacja Oslomed\" \/>\n<meta property=\"article:modified_time\" content=\"2025-02-11T17:41:50+00:00\" \/>\n<meta name=\"twitter:card\" content=\"summary_large_image\" \/>\n<meta name=\"twitter:label1\" content=\"\u041f\u0440\u0438\u0431\u043b. \u0447\u0430\u0441 \u0447\u0438\u0442\u0430\u043d\u043d\u044f\" \/>\n\t<meta name=\"twitter:data1\" content=\"1 \u0445\u0432\u0438\u043b\u0438\u043d\u0430\" \/>\n<script type=\"application\/ld+json\" class=\"yoast-schema-graph\">{\"@context\":\"https:\/\/schema.org\",\"@graph\":[{\"@type\":\"WebPage\",\"@id\":\"https:\/\/fundacja.oslomed.pl\/kontakt\/\",\"url\":\"https:\/\/fundacja.oslomed.pl\/kontakt\/\",\"name\":\"Kontakt - Fundacja Oslomed | Skontaktuj si\u0119 z nami\",\"isPartOf\":{\"@id\":\"https:\/\/fundacja.oslomed.pl\/#website\"},\"datePublished\":\"2024-02-10T13:43:18+00:00\",\"dateModified\":\"2025-02-11T17:41:50+00:00\",\"description\":\"Skontaktuj si\u0119 z Fundacj\u0105 Oslomed Krak\u00f3w. Znajdziesz tu formularz kontaktowy i dane do bezpo\u015bredniego kontaktu.\",\"breadcrumb\":{\"@id\":\"https:\/\/fundacja.oslomed.pl\/kontakt\/#breadcrumb\"},\"inLanguage\":\"uk\",\"potentialAction\":[{\"@type\":\"ReadAction\",\"target\":[\"https:\/\/fundacja.oslomed.pl\/kontakt\/\"]}]},{\"@type\":\"BreadcrumbList\",\"@id\":\"https:\/\/fundacja.oslomed.pl\/kontakt\/#breadcrumb\",\"itemListElement\":[{\"@type\":\"ListItem\",\"position\":1,\"name\":\"Strona g\u0142\u00f3wna\",\"item\":\"https:\/\/fundacja.oslomed.pl\/\"},{\"@type\":\"ListItem\",\"position\":2,\"name\":\"Kontakt\"}]},{\"@type\":\"WebSite\",\"@id\":\"https:\/\/fundacja.oslomed.pl\/#website\",\"url\":\"https:\/\/fundacja.oslomed.pl\/\",\"name\":\"Fundacja Oslomed\",\"description\":\"Zdrowie zdefiniowane na nowo\",\"publisher\":{\"@id\":\"https:\/\/fundacja.oslomed.pl\/#organization\"},\"potentialAction\":[{\"@type\":\"SearchAction\",\"target\":{\"@type\":\"EntryPoint\",\"urlTemplate\":\"https:\/\/fundacja.oslomed.pl\/?s={search_term_string}\"},\"query-input\":{\"@type\":\"PropertyValueSpecification\",\"valueRequired\":true,\"valueName\":\"search_term_string\"}}],\"inLanguage\":\"uk\"},{\"@type\":\"Organization\",\"@id\":\"https:\/\/fundacja.oslomed.pl\/#organization\",\"name\":\"Fundacja OSLOMED\",\"url\":\"https:\/\/fundacja.oslomed.pl\/\",\"logo\":{\"@type\":\"ImageObject\",\"inLanguage\":\"uk\",\"@id\":\"https:\/\/fundacja.oslomed.pl\/#\/schema\/logo\/image\/\",\"url\":\"https:\/\/fundacja.oslomed.pl\/wp-content\/uploads\/2024\/07\/Fundacja.png\",\"contentUrl\":\"https:\/\/fundacja.oslomed.pl\/wp-content\/uploads\/2024\/07\/Fundacja.png\",\"width\":1920,\"height\":700,\"caption\":\"Fundacja OSLOMED\"},\"image\":{\"@id\":\"https:\/\/fundacja.oslomed.pl\/#\/schema\/logo\/image\/\"}}]}<\/script>\n<!-- \/ Yoast SEO plugin. -->","yoast_head_json":{"title":"Kontakt - Fundacja Oslomed | Skontaktuj si\u0119 z nami","description":"Skontaktuj si\u0119 z Fundacj\u0105 Oslomed Krak\u00f3w. Znajdziesz tu formularz kontaktowy i dane do bezpo\u015bredniego kontaktu.","robots":{"index":"index","follow":"follow","max-snippet":"max-snippet:-1","max-image-preview":"max-image-preview:large","max-video-preview":"max-video-preview:-1"},"canonical":"https:\/\/fundacja.oslomed.pl\/ua\/kontakt\/","og_locale":"uk_UA","og_type":"article","og_title":"Kontakt - Fundacja Oslomed | Skontaktuj si\u0119 z nami","og_description":"Skontaktuj si\u0119 z Fundacj\u0105 Oslomed Krak\u00f3w. Znajdziesz tu formularz kontaktowy i dane do bezpo\u015bredniego kontaktu.","og_url":"https:\/\/fundacja.oslomed.pl\/ua\/kontakt\/","og_site_name":"Fundacja Oslomed","article_modified_time":"2025-02-11T17:41:50+00:00","twitter_card":"summary_large_image","twitter_misc":{"\u041f\u0440\u0438\u0431\u043b. \u0447\u0430\u0441 \u0447\u0438\u0442\u0430\u043d\u043d\u044f":"1 \u0445\u0432\u0438\u043b\u0438\u043d\u0430"},"schema":{"@context":"https:\/\/schema.org","@graph":[{"@type":"WebPage","@id":"https:\/\/fundacja.oslomed.pl\/kontakt\/","url":"https:\/\/fundacja.oslomed.pl\/kontakt\/","name":"Kontakt - Fundacja Oslomed | Skontaktuj si\u0119 z nami","isPartOf":{"@id":"https:\/\/fundacja.oslomed.pl\/#website"},"datePublished":"2024-02-10T13:43:18+00:00","dateModified":"2025-02-11T17:41:50+00:00","description":"Skontaktuj si\u0119 z Fundacj\u0105 Oslomed Krak\u00f3w. Znajdziesz tu formularz kontaktowy i dane do bezpo\u015bredniego kontaktu.","breadcrumb":{"@id":"https:\/\/fundacja.oslomed.pl\/kontakt\/#breadcrumb"},"inLanguage":"uk","potentialAction":[{"@type":"ReadAction","target":["https:\/\/fundacja.oslomed.pl\/kontakt\/"]}]},{"@type":"BreadcrumbList","@id":"https:\/\/fundacja.oslomed.pl\/kontakt\/#breadcrumb","itemListElement":[{"@type":"ListItem","position":1,"name":"Strona g\u0142\u00f3wna","item":"https:\/\/fundacja.oslomed.pl\/"},{"@type":"ListItem","position":2,"name":"Kontakt"}]},{"@type":"WebSite","@id":"https:\/\/fundacja.oslomed.pl\/#website","url":"https:\/\/fundacja.oslomed.pl\/","name":"\u0424\u043e\u043d\u0434 \u041e\u0441\u043b\u043e\u043c\u0435\u0434\u0430","description":"Zdrowie zdefiniowane na nowo","publisher":{"@id":"https:\/\/fundacja.oslomed.pl\/#organization"},"potentialAction":[{"@type":"SearchAction","target":{"@type":"EntryPoint","urlTemplate":"https:\/\/fundacja.oslomed.pl\/?s={search_term_string}"},"query-input":{"@type":"PropertyValueSpecification","valueRequired":true,"valueName":"search_term_string"}}],"inLanguage":"uk"},{"@type":"Organization","@id":"https:\/\/fundacja.oslomed.pl\/#organization","name":"Fundacja OSLOMED","url":"https:\/\/fundacja.oslomed.pl\/","logo":{"@type":"ImageObject","inLanguage":"uk","@id":"https:\/\/fundacja.oslomed.pl\/#\/schema\/logo\/image\/","url":"https:\/\/fundacja.oslomed.pl\/wp-content\/uploads\/2024\/07\/Fundacja.png","contentUrl":"https:\/\/fundacja.oslomed.pl\/wp-content\/uploads\/2024\/07\/Fundacja.png","width":1920,"height":700,"caption":"Fundacja OSLOMED"},"image":{"@id":"https:\/\/fundacja.oslomed.pl\/#\/schema\/logo\/image\/"}}]}},"_links":{"self":[{"href":"https:\/\/fundacja.oslomed.pl\/ua\/wp-json\/wp\/v2\/pages\/1038","targetHints":{"allow":["GET"]}}],"collection":[{"href":"https:\/\/fundacja.oslomed.pl\/ua\/wp-json\/wp\/v2\/pages"}],"about":[{"href":"https:\/\/fundacja.oslomed.pl\/ua\/wp-json\/wp\/v2\/types\/page"}],"author":[{"embeddable":true,"href":"https:\/\/fundacja.oslomed.pl\/ua\/wp-json\/wp\/v2\/users\/1"}],"replies":[{"embeddable":true,"href":"https:\/\/fundacja.oslomed.pl\/ua\/wp-json\/wp\/v2\/comments?post=1038"}],"version-history":[{"count":0,"href":"https:\/\/fundacja.oslomed.pl\/ua\/wp-json\/wp\/v2\/pages\/1038\/revisions"}],"wp:attachment":[{"href":"https:\/\/fundacja.oslomed.pl\/ua\/wp-json\/wp\/v2\/media?parent=1038"}],"curies":[{"name":"wp","href":"https:\/\/api.w.org\/{rel}","templated":true}]}}